
{"id":6903,"date":"2011-06-29T11:49:40","date_gmt":"2011-06-29T08:49:40","guid":{"rendered":"http:\/\/www.chefbuzu.com\/"},"modified":"2011-08-05T10:07:53","modified_gmt":"2011-08-05T07:07:53","slug":"parteneri","status":"publish","type":"page","link":"https:\/\/www.chefbuzu.com\/blog\/noutati\/parteneri\/","title":{"rendered":"Parteneri"},"content":{"rendered":"<p><a title=\"Plecat.ro, portal de informare turistic\u0103\" href=\"http:\/\/www.plecat.ro\"><strong> <\/strong><\/a><strong><a href=\"http:\/\/www.chefbuzu.com\/wp-content\/uploads\/2011\/06\/Plecat.ro-portal-de-informare-turistica.jpg\" rel=\"lightbox[6903]\"><img loading=\"lazy\" class=\"size-thumbnail wp-image-6912 alignleft\" style=\"margin-top: 5px; margin-bottom: 5px;\" title=\"Plecat.ro - portal de informare turistica\" src=\"http:\/\/www.chefbuzu.com\/wp-content\/uploads\/2011\/06\/Plecat.ro-portal-de-informare-turistica-150x150.jpg\" alt=\"Plecat.ro, portal de informare turistica\" width=\"150\" height=\"150\" srcset=\"https:\/\/www.chefbuzu.com\/blog\/wp-content\/uploads\/2011\/06\/Plecat.ro-portal-de-informare-turistica-150x150.jpg 150w, https:\/\/www.chefbuzu.com\/blog\/wp-content\/uploads\/2011\/06\/Plecat.ro-portal-de-informare-turistica.jpg 181w\" sizes=\"(max-width: 150px) 100vw, 150px\" \/><\/a>Plecat.ro<\/strong> este un portal de informare turistic\u0103 \u0219i informa\u021bii utile despre Rom\u00e2nia \u0219i despre str\u0103in\u0103tate.<\/p>\n<p>Plecat.ro v\u0103 pune la dispozi\u021bie informa\u021bii turistice utile care s\u0103 v\u0103 ajute s\u0103 v\u0103 preg\u0103ti\u021bi vacan\u021bele \u0219i excursiile:<strong> <\/strong>oferte de cazare, obiective turistice, activit\u0103\u021bi,\u00a0<a href=\"http:\/\/www.plecat.ro\/forum\/note-calatorie\/\">note de c\u0103l\u0103torie<\/a> \u0219i sute de <a title=\"Galerie foto - Plecat.ro\" href=\"http:\/\/www.plecat.ro\/galerie-foto\/\">fotografii <\/a>din toate col\u021burile lumii.<\/p>\n<p>C\u0103uta\u021bi o pensiune, un hotel, un motel, o vil\u0103 la munte sau la mare? Aici ve\u021bi g\u0103si o list\u0103 vast\u0103 de unit\u0103\u021bi turistice, pre\u021buri practicate, facilit\u0103\u021bi \u0219i impresiile celor care au fost deja acolo.<\/p>\n<p><font color=\"#B4B4B4\" size=\"-2\">Post Footer automatically generated by <a href=\"http:\/\/www.freetimefoto.com\/add_post_footer_plugin_wordpress\" style=\"color: #B4B4B4; text-decoration:underline;\">Add Post Footer Plugin<\/a> for wordpress.<\/font><\/p>\n","protected":false},"excerpt":{"rendered":"<p>Plecat.ro este un portal de informare turistic\u0103 \u0219i informa\u021bii utile despre Rom\u00e2nia \u0219i despre str\u0103in\u0103tate. Plecat.ro v\u0103 pune la dispozi\u021bie informa\u021bii turistice utile care s\u0103 v\u0103 ajute s\u0103 v\u0103 preg\u0103ti\u021bi vacan\u021bele \u0219i excursiile: oferte de cazare, obiective turistice, activit\u0103\u021bi,\u00a0note de c\u0103l\u0103torie \u0219i sute de fotografii din toate col\u021burile lumii. C\u0103uta\u021bi o pensiune, un hotel, un [&hellip;]<\/p>\n","protected":false},"author":1,"featured_media":0,"parent":4624,"menu_order":0,"comment_status":"open","ping_status":"open","template":"","meta":[],"_links":{"self":[{"href":"https:\/\/www.chefbuzu.com\/blog\/wp-json\/wp\/v2\/pages\/6903"}],"collection":[{"href":"https:\/\/www.chefbuzu.com\/blog\/wp-json\/wp\/v2\/pages"}],"about":[{"href":"https:\/\/www.chefbuzu.com\/blog\/wp-json\/wp\/v2\/types\/page"}],"author":[{"embeddable":true,"href":"https:\/\/www.chefbuzu.com\/blog\/wp-json\/wp\/v2\/users\/1"}],"replies":[{"embeddable":true,"href":"https:\/\/www.chefbuzu.com\/blog\/wp-json\/wp\/v2\/comments?post=6903"}],"version-history":[{"count":21,"href":"https:\/\/www.chefbuzu.com\/blog\/wp-json\/wp\/v2\/pages\/6903\/revisions"}],"predecessor-version":[{"id":7008,"href":"https:\/\/www.chefbuzu.com\/blog\/wp-json\/wp\/v2\/pages\/6903\/revisions\/7008"}],"up":[{"embeddable":true,"href":"https:\/\/www.chefbuzu.com\/blog\/wp-json\/wp\/v2\/pages\/4624"}],"wp:attachment":[{"href":"https:\/\/www.chefbuzu.com\/blog\/wp-json\/wp\/v2\/media?parent=6903"}],"curies":[{"name":"wp","href":"https:\/\/api.w.org\/{rel}","templated":true}]}}